{"id":1277,"date":"2025-04-04T05:54:43","date_gmt":"2025-04-04T05:54:43","guid":{"rendered":"https:\/\/cerveraaluminividre.com\/?page_id=1277"},"modified":"2025-11-04T12:07:01","modified_gmt":"2025-11-04T12:07:01","slug":"politica-de-cookies","status":"publish","type":"page","link":"https:\/\/cerveraaluminividre.com\/es\/politica-de-cookies\/","title":{"rendered":"Pol\u00edtica de cookies"},"content":{"rendered":"<p><strong>INFORMACI\u00d3N SOBRE COOKIES<\/strong><\/p>\n\n\n\n<p>De acuerdo con la Ley 34\/2002, de 11 de julio, de servicios de la sociedad de la informaci\u00f3n y de comercio electr\u00f3nico (LSSI), en relaci\u00f3n con el Reglamento (UE) 2016\/679 del Parlamento Europeo y de Consejo, de 27 de abril de 2016, General de Protecci\u00f3n de Datos (GDPR), de la Ley Org\u00e1nica y Garant\u00eda de los Derechos Digitales (LOPDGDD), es obligado obtener el consentimiento expreso del usuario de todas las p\u00e1ginas web que utilizan cookies prescindibles, antes de que \u00e9ste navegue por ellas.<\/p>\n\n\n\n<p><strong>\u00bfQU\u00c9 SON LAS COOKIES?<\/strong><\/p>\n\n\n\n<p>Las <em>cookies <\/em>y otras tecnolog\u00edas similares como local shared objects, flash <em>cookies<\/em> o p\u00edxeles, son herramientas utilizadas por los servidores Web para almacenar y recuperar informaci\u00f3n sobre sus visitantes, as\u00ed como para ofrecer un correcto funcionamiento del sitio.<\/p>\n\n\n\n<p>Mediante el uso de estos dispositivos se permite al servidor Web recordar algunos datos referentes al usuario, como sus preferencias para la visualizaci\u00f3n de las p\u00e1ginas de ese servidor, nombre y contrase\u00f1a, productos que m\u00e1s le interesan, etc.<\/p>\n\n\n\n<p><strong><em>COOKIES <\/em><\/strong><strong>AFECTADAS POR LA NORMATIVA Y COOKIES EXCEPTUADAS<\/strong><\/p>\n\n\n\n<p>Seg\u00fan la directiva de la UE, las <em>cookies <\/em>que requieren el consentimiento informado por parte del usuario son las <em>cookies <\/em>anal\u00edticas y las de publicidad y afiliaci\u00f3n, quedando exceptuadas las de car\u00e1cter t\u00e9cnico y las necesarias para el funcionamiento del sitio web o la prestaci\u00f3n de servicios expresamente solicitados por el usuario.<\/p>\n\n\n\n<p><strong>TIPO DE COOKIES<\/strong><\/p>\n\n\n\n<p><strong>SEG\u00daN LA FINALIDAD<\/strong><\/p>\n\n\n\n<ul class=\"wp-block-list\">\n<li><strong><em>Cookies <\/em><\/strong><strong>t\u00e9cnicas y funcionales<\/strong>: son las que permiten al usuario navegar a trav\u00e9s de una p\u00e1gina web, plataforma o aplicaci\u00f3n y utilizar las diferentes opciones o servicios que haya<em>.<\/em><\/li>\n\n\n\n<li><strong><em>Cookies <\/em><\/strong><strong>de an\u00e1lisis<\/strong>: son las que permiten al responsable de \u00e9stas monitorizar y analizar el comportamiento de los usuarios de los sitios web a los que est\u00e1n vinculados. La informaci\u00f3n recogida mediante este tipo de <em>cookies<\/em> se utiliza en la medici\u00f3n de la actividad de los sitios web, aplicaci\u00f3n o plataforma y para elaborar perfiles de navegaci\u00f3n de los usuarios de estos sitios, aplicaciones y plataformas, para introducir mejoras en funci\u00f3n del an\u00e1lisis de los datos de uso que realizan los usuarios del servicio.<\/li>\n\n\n\n<li><strong><em>Cookies<\/em><\/strong> <strong>publicitarias:<\/strong> son aquellas que permiten gestionar, de la forma m\u00e1s eficaz posible, los espacios publicitarios que, en su caso, el editor haya incluido en una p\u00e1gina web, aplicaci\u00f3n o plataforma desde la que presta el servicio solicitado seg\u00fan criterios como el contenido editado o la frecuencia en la que se muestran los anuncios.<\/li>\n\n\n\n<li><strong><em>Cookies <\/em><\/strong><strong>de publicidad comportamental<\/strong>: recogen informaci\u00f3n sobre las preferencias y elecciones personales del usuario (<em>retargeting<\/em>) para permitir gestionar, de la forma m\u00e1s eficaz posible, los espacios publicitarios que, en su caso, el editor haya incluido en una p\u00e1gina web, aplicaci\u00f3n o plataforma desde la que presta el servicio solicitado.<\/li>\n\n\n\n<li><strong><em>Cookies <\/em><\/strong><strong>sociales<\/strong>: son aquellas que han sido instaladas por las plataformas de redes sociales en los servicios para permitirle compartir contenido con sus amigos y redes. Las plataformas de medios sociales tienen la capacidad de rastrear su actividad online fuera de los Servicios. Esto puede afectar al contenido y mensajes que ve en otros servicios que visite.<\/li>\n\n\n\n<li><strong><em>Cookies <\/em><\/strong><strong>de afiliados<\/strong>: permiten realizar un seguimiento de las visitas procedentes de otras webs, con las que el sitio web establece un contrato de afiliaci\u00f3n (empresas de afiliaci\u00f3n).<\/li>\n\n\n\n<li><strong><em>Cookies <\/em><\/strong><strong>de seguridad<\/strong>: almacenan informaci\u00f3n cifrada para evitar que los datos que se guardan sean vulnerables a ataques maliciosos de terceros.<\/li>\n<\/ul>\n\n\n\n<p><strong>SEG\u00daN LA PROPIEDAD<\/strong><\/p>\n\n\n\n<ul class=\"wp-block-list\">\n<li><strong><em>Cookies<\/em><\/strong><strong> propias<\/strong>: son las que se env\u00edan al equipo terminal del usuario desde un equipo o dominio gestionado por el propio editor y desde el que se proporciona el servicio solicitado por el usuario.<\/li>\n\n\n\n<li><strong><em>Cookies<\/em><\/strong> <strong>de terceros:<\/strong> son las que se env\u00edan al equipo terminal del usuario desde un equipo o dominio que no es gestionado por el editor, sino por otra entidad que trata los datos obtenidos mediante cookies.<\/li>\n<\/ul>\n\n\n\n<p><strong>SEG\u00daN EL PLAZO DE CONSERVACI\u00d3N<\/strong><\/p>\n\n\n\n<ul class=\"wp-block-list\">\n<li><strong><em>Cookies<\/em><\/strong><strong> de sesi\u00f3n:<\/strong> son un tipo de <em>cookies<\/em> dise\u00f1adas para obtener y almacenar datos mientras el usuario accede a una p\u00e1gina web.<\/li>\n\n\n\n<li><strong><em>Cookies<\/em><\/strong><strong> persistentes:<\/strong> son un tipo de cookies en las que los datos siguen almacenados en el terminal y pueden ser accedidos y tratados durante un per\u00edodo definido por el responsable de la <em>cookie<\/em>, y que dur\u00f3 desde unos minutos a varios a\u00f1os.<\/li>\n<\/ul>\n\n\n\n<p><strong>TRATAMIENTO DE DATOS PERSONALES<\/strong><\/p>\n\n\n\n<p>ALUMINIO Y CRISTALES CERVERA SL es el <strong>Responsable del tratamiento<\/strong> de los datos personales del\u2019<strong>Interesado<\/strong> y le informa que estos datos se tratar\u00e1n de conformidad con lo establecido en el Reglamento (UE) 2016\/679, de 27 de abril de 2016 (GDPR), por lo que se le facilita la siguiente informaci\u00f3n del tratamiento:<\/p>\n\n\n\n<p><strong>Finalidades del tratamiento: <\/strong>seg\u00fan se especifica en el apartado de <em>cookies <\/em>que se utilizan en este sitio web.<\/p>\n\n\n\n<p><strong>Legitimaci\u00f3n del tratamiento<\/strong>: salvo en los casos en que resulte necesario para la navegaci\u00f3n por la web, por consentimiento del interesado (art. 6.1.a GDPR).<\/p>\n\n\n\n<p><strong>Criterios de conservaci\u00f3n de los datos<\/strong>: seg\u00fan se especifica en el apartado de <em>cookies <\/em>utilizadas en la web.<\/p>\n\n\n\n<p><strong>Comunicaci\u00f3n de los datos<\/strong>: no se comunicar\u00e1n los datos a terceros, salvo en cookies propiedad de terceros o por obligaci\u00f3n legal.<\/p>\n\n\n\n<p><strong>Derechos que tiene el Interesado<\/strong>:<\/p>\n\n\n\n<p>\u2013 Derecho a retirar el consentimiento en cualquier momento.<\/p>\n\n\n\n<p>Derecho de acceso, rectificaci\u00f3n, portabilidad y supresi\u00f3n de sus datos y de limitaci\u00f3n u oposici\u00f3n a su tratamiento.<\/p>\n\n\n\n<p>\u2013 Derecho a presentar reclamaci\u00f3n ante la Autoridad de control (www.aepd.es) si considera que el tratamiento no se ajusta a la normativa vigente.<\/p>\n\n\n\n<p><strong>Datos de contacto para ejercer sus derechos:<\/strong><\/p>\n\n\n\n<p>ALUMINIO Y CRISTALES CERVERA SL. Anselm Clav\u00e9, 59 \u2013 08731 Sant Mart\u00ed Sarroca (Barcelona). E-mail: info@cerveraalumini.com<\/p>\n\n\n\n<p><strong>COOKIES UTILIZADAS EN ESTE SITIO WEB<\/strong><\/p>\n\n\n\n<h4 class=\"wp-block-heading\"><strong>COOKIES CONTROLADAS POR EL EDITOR<\/strong><\/h4>\n\n\n\n<h4 class=\"wp-block-heading\"><strong>T\u00e9cnicas y funcional<\/strong><\/h4>\n\n\n\n<figure class=\"wp-block-table\"><table class=\"has-fixed-layout\"><thead><tr><th>Propiedad<\/th><th>Cookie<\/th><th>Finalidad<\/th><th>Plazo<\/th><\/tr><\/thead><tbody><tr><td>cerveraaluminividre.com<\/td><td><strong>_ga_HYKEBDS2ZK<\/strong><\/td><td>Cookie necesaria para la utilizaci\u00f3n de las opciones y servicios de la p\u00e1gina web<\/td><td>en un a\u00f1o<\/td><\/tr><tr><td>cerveraaluminividre.com<\/td><td><strong>cmplz_banner-status<\/strong><\/td><td>Cookie necesaria para la utilizaci\u00f3n de las opciones y servicios de la p\u00e1gina web<\/td><td>en un a\u00f1o<\/td><\/tr><tr><td>cerveraaluminividre.com<\/td><td><strong>cmplz_consented_services<\/strong><\/td><td>Cookie necesaria para la utilizaci\u00f3n de las opciones y servicios de la p\u00e1gina web<\/td><td>en un a\u00f1o<\/td><\/tr><tr><td>cerveraaluminividre.com<\/td><td><strong>cmplz_functional<\/strong><\/td><td>Cookie necesaria para la utilizaci\u00f3n de las opciones y servicios de la p\u00e1gina web<\/td><td>en un a\u00f1o<\/td><\/tr><tr><td>cerveraaluminividre.com<\/td><td><strong>cmplz_marketing<\/strong><\/td><td>Cookie necesaria para la utilizaci\u00f3n de las opciones y servicios de la p\u00e1gina web<\/td><td>en un a\u00f1o<\/td><\/tr><tr><td>cerveraaluminividre.com<\/td><td><strong>cmplz_policy_id<\/strong><\/td><td>Cookie necesaria para la utilizaci\u00f3n de las opciones y servicios de la p\u00e1gina web<\/td><td>en un a\u00f1o<\/td><\/tr><tr><td>cerveraaluminividre.com<\/td><td><strong>cmplz_preferences<\/strong><\/td><td>Cookie necesaria para la utilizaci\u00f3n de las opciones y servicios de la p\u00e1gina web<\/td><td>en un a\u00f1o<\/td><\/tr><tr><td>cerveraaluminividre.com<\/td><td><strong>cmplz_statistics<\/strong><\/td><td>Cookie necesaria para la utilizaci\u00f3n de las opciones y servicios de la p\u00e1gina web<\/td><td>en un a\u00f1o<\/td><\/tr><tr><td>google.com<\/td><td><strong>AEC<\/strong><\/td><td>Cookie necesaria para la utilizaci\u00f3n de las opciones y servicios de la p\u00e1gina web<\/td><td>en 6 meses<\/td><\/tr><tr><td>google.com<\/td><td><strong>SOCOS<\/strong><\/td><td>Cookie necesaria para la utilizaci\u00f3n de las opciones y servicios de la p\u00e1gina web<\/td><td>en 6 meses<\/td><\/tr><tr><td>region1.google-analytics.com<\/td><td><strong>ar_debug<\/strong><\/td><td>Cookie necesaria para la utilizaci\u00f3n de las opciones y servicios de la p\u00e1gina web<\/td><td>en un mes<\/td><\/tr><\/tbody><\/table><\/figure>\n\n\n\n<h4 class=\"wp-block-heading\"><strong>Anal\u00edticas<\/strong><\/h4>\n\n\n\n<figure class=\"wp-block-table\"><table class=\"has-fixed-layout\"><thead><tr><th>Propiedad<\/th><th>Cookie<\/th><th>Finalidad<\/th><th>Plazo<\/th><\/tr><\/thead><tbody><tr><td>Google Analytics<\/td><td><strong>_ga<\/strong><\/td><td>ID se utiliza para identificar a los usuarios<\/td><td>en un a\u00f1o<\/td><\/tr><\/tbody><\/table><\/figure>\n\n\n\n<h4 class=\"wp-block-heading\"><strong>Publicitarias<\/strong><\/h4>\n\n\n\n<figure class=\"wp-block-table\"><table class=\"has-fixed-layout\"><thead><tr><th>Propiedad<\/th><th>Cookie<\/th><th>Finalidad<\/th><th>Plazo<\/th><\/tr><\/thead><tbody><tr><td>Google<\/td><td><strong>NID<\/strong><\/td><td>Estas cookies se utilizan para recoger estad\u00edsticas de la p\u00e1gina web y rastrear las tasas de conversi\u00f3n y la personalizaci\u00f3n de anuncios de Google<\/td><td>en 7 meses<\/td><\/tr><\/tbody><\/table><\/figure>\n\n\n\n<h4 class=\"wp-block-heading\"><strong>COOKIES DE TERCEROS<\/strong><\/h4>\n\n\n\n<p>Los servicios de terceros son ajenos al control del editor. Los proveedores pueden modificar en cualquier momento sus condiciones de servicio, finalidad y uso de cookies, etc.<\/p>\n\n\n\n<p><strong>Proveedores externos de este sitio web:<\/strong><\/p>\n\n\n\n<figure class=\"wp-block-table\"><table class=\"has-fixed-layout\"><thead><tr><th>Editor<\/th><th>Pol\u00edtica de privacidad<\/th><\/tr><\/thead><tbody><tr><td>Google Analytics<\/td><td><a href=\"https:\/\/privacy.google.com\/take-control.html\" target=\"_blank\" rel=\"noopener\">https:\/\/privacy.google.com\/take-control.html<\/a><\/td><\/tr><tr><td>Google<\/td><td><a href=\"https:\/\/privacy.google.com\/take-control.html\" target=\"_blank\" rel=\"noopener\">https:\/\/privacy.google.com\/take-control.html<\/a><\/td><\/tr><\/tbody><\/table><\/figure>\n\n\n\n<figure class=\"wp-block-table\"><table class=\"has-fixed-layout\"><tbody><tr><td><strong>PANEL DE CONFIGURACI\u00d3N DE COOKIES<\/strong><\/td><\/tr><\/tbody><\/table><\/figure>\n\n\n\n<p>Desde este panel puede configurar las cookies que el sitio web puede instalar en su navegador, salvo las cookies t\u00e9cnicas o funcionales que son necesarias para la navegaci\u00f3n y utilizaci\u00f3n de las diferentes opciones o servicios que se ofrecen.<\/p>\n\n\n\n<p><a href=\"https:\/\/docs.google.com\/document\/d\/1qyQchUjboynh36MKWvLCBrfX0mpnWk86TiCFJQS4kxc\/edit#bookmark=id.ay8x6oq6odzj\" target=\"_blank\" rel=\"noopener\">Panel de cookies<\/a><\/p>\n\n\n\n<figure class=\"wp-block-table\"><table class=\"has-fixed-layout\"><tbody><tr><td><strong>C\u00d3MO GESTIONAR LAS COOKIES DESDE EL NAVEGADOR<\/strong><\/td><\/tr><\/tbody><\/table><\/figure>\n\n\n\n<figure class=\"wp-block-table\"><table class=\"has-fixed-layout\"><tbody><tr><td><strong>Eliminar las cookies del dispositivo<\/strong><\/td><td>Las cookies que ya se encuentran en un dispositivo se pueden eliminar borrando el historial del navegador, por lo que se suprimen las cookies de todos los sitios web visitados. Sin embargo, tambi\u00e9n se puede perder parte de la informaci\u00f3n guardada (por ejemplo, los datos de inicio de sesi\u00f3n o las preferencias de sitio web).<\/td><\/tr><tr><td><strong>Gestionar las cookies espec\u00edficas del sitio<\/strong><\/td><td>Para tener un control m\u00e1s preciso de las cookies espec\u00edficas de cada sitio, los usuarios pueden ajustar su configuraci\u00f3n de privacidad y cookies en el navegador.<\/td><\/tr><tr><td><strong>Bloquear las cookies<\/strong><\/td><td>Aunque la mayor\u00eda de los navegadores modernos se pueden configurar para evitar que se instalen cookies en los dispositivos, esto puede obligar a ajustar manualmente determinadas preferencias cada vez que se visite un sitio o p\u00e1gina. Algunos servicios y caracter\u00edsticas pueden no funcionar correctamente (por ejemplo, los inicios de sesi\u00f3n con perfil).<\/td><\/tr><\/tbody><\/table><\/figure>\n\n\n\n<figure class=\"wp-block-table\"><table class=\"has-fixed-layout\"><tbody><tr><td><strong>C\u00d3MO ELIMINAR LAS COOKIES DE LOS NAVEGADORES M\u00c1S COMUNES<\/strong><\/td><\/tr><\/tbody><\/table><\/figure>\n\n\n\n<figure class=\"wp-block-table\"><table class=\"has-fixed-layout\"><tbody><tr><td><strong>Chrome<\/strong><\/td><td><a href=\"http:\/\/support.google.com\/chrome\/answer\/95647?hl=es\" target=\"_blank\" rel=\"noopener\">http:\/\/support.google.com\/chrome\/answer\/95647?hl=es<\/a><\/td><\/tr><tr><td><strong>Edge<\/strong><\/td><td><a href=\"https:\/\/support.microsoft.com\/es-es\/microsoft-edge\/eliminar-las-cookies-en-microsoft-edge-63947406-40ac-c3b8-57b9-2a946a29ae09\" target=\"_blank\" rel=\"noopener\">https:\/\/support.microsoft.com\/es-es\/microsoft-edge\/eliminar-las-cookies-en-microsoft-edge-63947406-40ac-c3b8-57b9-2a946a29ae09<\/a><\/td><\/tr><tr><td><strong>Explorer<\/strong><\/td><td><a href=\"https:\/\/support.microsoft.com\/es-es\/help\/278835\/how-to-delete-cookie-files-in-internet-explorer\" target=\"_blank\" rel=\"noopener\">https:\/\/support.microsoft.com\/es-es\/help\/278835\/how-to-delete-cookie-files-in-internet-explorer<\/a><\/td><\/tr><tr><td><strong>Firefox<\/strong><\/td><td><a href=\"https:\/\/www.mozilla.org\/es-ES\/privacy\/websites\/#cookies\" target=\"_blank\" rel=\"noopener\">https:\/\/www.mozilla.org\/es-ES\/privacy\/websites\/#cookies<\/a><\/td><\/tr><tr><td><strong>Safari<\/strong><\/td><td><a href=\"https:\/\/support.apple.com\/es-es\/guide\/safari\/sfri11471\/mac\" target=\"_blank\" rel=\"noopener\">https:\/\/support.apple.com\/es-es\/guide\/safari\/sfri11471\/mac<\/a><\/td><\/tr><tr><td><strong>Opera<\/strong><\/td><td><a href=\"https:\/\/help.opera.com\/en\/latest\/security-and-privacy\/#clearBrowsingData\" target=\"_blank\" rel=\"noopener\">https:\/\/help.opera.com\/en\/latest\/security-and-privacy\/#clearBrowsingData<\/a><\/td><\/tr><\/tbody><\/table><\/figure>","protected":false},"excerpt":{"rendered":"<p>INFORMACI\u00d3 SOBRE COOKIES D\u2019acord amb la Llei 34\/2002, de 11 de juliol, de serveis de la societat de la informaci\u00f3 i de comer\u00e7 electr\u00f2nic (LSSI), en relaci\u00f3 amb el Reglament (UE) 2016\/679 de el Parlament Europeu i de Consell, de 27 de abril de 2016, General de Protecci\u00f3 de Dades (GDPR) i la Llei Org\u00e0nica [&hellip;]<\/p>\n","protected":false},"author":1,"featured_media":0,"parent":0,"menu_order":0,"comment_status":"closed","ping_status":"closed","template":"","meta":{"site-sidebar-layout":"default","site-content-layout":"","ast-site-content-layout":"default","site-content-style":"default","site-sidebar-style":"default","ast-global-header-display":"","ast-banner-title-visibility":"","ast-main-header-display":"","ast-hfb-above-header-display":"","ast-hfb-below-header-display":"","ast-hfb-mobile-header-display":"","site-post-title":"","ast-breadcrumbs-content":"","ast-featured-img":"","footer-sml-layout":"","ast-disable-related-posts":"","theme-transparent-header-meta":"","adv-header-id-meta":"","stick-header-meta":"","header-above-stick-meta":"","header-main-stick-meta":"","header-below-stick-meta":"","astra-migrate-meta-layouts":"set","ast-page-background-enabled":"default","ast-page-background-meta":{"desktop":{"background-color":"","background-image":"","background-repeat":"repeat","background-position":"center center","background-size":"auto","background-attachment":"scroll","background-type":"","background-media":"","overlay-type":"","overlay-color":"","overlay-opacity":"","overlay-gradient":""},"tablet":{"background-color":"","background-image":"","background-repeat":"repeat","background-position":"center center","background-size":"auto","background-attachment":"scroll","background-type":"","background-media":"","overlay-type":"","overlay-color":"","overlay-opacity":"","overlay-gradient":""},"mobile":{"background-color":"","background-image":"","background-repeat":"repeat","background-position":"center center","background-size":"auto","background-attachment":"scroll","background-type":"","background-media":"","overlay-type":"","overlay-color":"","overlay-opacity":"","overlay-gradient":""}},"ast-content-background-meta":{"desktop":{"background-color":"var(--ast-global-color-5)","background-image":"","background-repeat":"repeat","background-position":"center center","background-size":"auto","background-attachment":"scroll","background-type":"","background-media":"","overlay-type":"","overlay-color":"","overlay-opacity":"","overlay-gradient":""},"tablet":{"background-color":"var(--ast-global-color-5)","background-image":"","background-repeat":"repeat","background-position":"center center","background-size":"auto","background-attachment":"scroll","background-type":"","background-media":"","overlay-type":"","overlay-color":"","overlay-opacity":"","overlay-gradient":""},"mobile":{"background-color":"var(--ast-global-color-5)","background-image":"","background-repeat":"repeat","background-position":"center center","background-size":"auto","background-attachment":"scroll","background-type":"","background-media":"","overlay-type":"","overlay-color":"","overlay-opacity":"","overlay-gradient":""}},"footnotes":""},"class_list":["post-1277","page","type-page","status-publish","hentry"],"_links":{"self":[{"href":"https:\/\/cerveraaluminividre.com\/es\/wp-json\/wp\/v2\/pages\/1277","targetHints":{"allow":["GET"]}}],"collection":[{"href":"https:\/\/cerveraaluminividre.com\/es\/wp-json\/wp\/v2\/pages"}],"about":[{"href":"https:\/\/cerveraaluminividre.com\/es\/wp-json\/wp\/v2\/types\/page"}],"author":[{"embeddable":true,"href":"https:\/\/cerveraaluminividre.com\/es\/wp-json\/wp\/v2\/users\/1"}],"replies":[{"embeddable":true,"href":"https:\/\/cerveraaluminividre.com\/es\/wp-json\/wp\/v2\/comments?post=1277"}],"version-history":[{"count":2,"href":"https:\/\/cerveraaluminividre.com\/es\/wp-json\/wp\/v2\/pages\/1277\/revisions"}],"predecessor-version":[{"id":2292,"href":"https:\/\/cerveraaluminividre.com\/es\/wp-json\/wp\/v2\/pages\/1277\/revisions\/2292"}],"wp:attachment":[{"href":"https:\/\/cerveraaluminividre.com\/es\/wp-json\/wp\/v2\/media?parent=1277"}],"curies":[{"name":"wp","href":"https:\/\/api.w.org\/{rel}","templated":true}]}}