{"id":1277,"date":"2025-04-04T05:54:43","date_gmt":"2025-04-04T05:54:43","guid":{"rendered":"https:\/\/cerveraaluminividre.com\/?page_id=1277"},"modified":"2025-11-04T12:07:01","modified_gmt":"2025-11-04T12:07:01","slug":"cookie-policy","status":"publish","type":"page","link":"https:\/\/cerveraaluminividre.com\/en\/politica-de-cookies\/","title":{"rendered":"Cookie policy"},"content":{"rendered":"<p><strong>COOKIE INFORMATION<\/strong><\/p>\n\n\n\n<p>In accordance with Law 34\/2002, of July 11, on information society services and electronic commerce (LSSI), in relation to Regulation (EU) 2016\/679 of the European Parliament and of the Council, of April 27, 2016, General Data Protection Regulation (GDPR) and Organic Law 3\/2018, of December 5, on Data Protection and Guarantee of Digital Rights (LOPDGDD), it is mandatory to obtain the express consent of the user of all web pages that use dispensable cookies, before the user browses them.<\/p>\n\n\n\n<p><strong>WHAT ARE COOKIES?<\/strong><\/p>\n\n\n\n<p>The <em>cookies <\/em>and other similar technologies such as local shared objects, flash <em>cookies<\/em> or pixels, are tools used by Web servers to store and retrieve information about their visitors, as well as to ensure the correct functioning of the site.<\/p>\n\n\n\n<p>Through the use of these devices, the Web server is allowed to remember some data regarding the user, such as their preferences for viewing the pages of this server, name and password, products that interest them most, etc.<\/p>\n\n\n\n<p><strong><em>COOKIES <\/em><\/strong><strong>AFFECTED BY THE REGULATION AND EXCEPTED COOKIES<\/strong><\/p>\n\n\n\n<p>According to the EU directive, the <em>cookies <\/em>that require informed consent from the user are the <em>cookies <\/em>analytical and advertising and affiliation, and those of a technical nature and those necessary for the operation of the website or the provision of services expressly requested by the user are excluded.<\/p>\n\n\n\n<p><strong>TYPES OF COOKIES<\/strong><\/p>\n\n\n\n<p><strong>ACCORDING TO THE PURPOSE<\/strong><\/p>\n\n\n\n<ul class=\"wp-block-list\">\n<li><strong><em>Cookies <\/em><\/strong><strong>technical and functional<\/strong>: are those that allow the user to navigate through a web page, platform or application and use the different options or services available.<em>.<\/em><\/li>\n\n\n\n<li><strong><em>Cookies <\/em><\/strong><strong>analysis<\/strong>: are those that allow the person responsible for them to monitor and analyze the behavior of users of the websites to which they are linked. The information collected through this type of <em>cookies<\/em> It is used to measure the activity of websites, applications or platforms and to develop browsing profiles of users of these sites, applications and platforms, in order to introduce improvements based on the analysis of the usage data made by users of the service.<\/li>\n\n\n\n<li><strong><em>Cookies<\/em><\/strong> <strong>advertising:<\/strong> are those that allow managing, in the most effective way possible, the advertising spaces that, where applicable, the publisher has included on a web page, application or platform from which the requested service is provided according to criteria such as the content edited or the frequency in which the advertisements are displayed.<\/li>\n\n\n\n<li><strong><em>Cookies <\/em><\/strong><strong>behavioral advertising<\/strong>: collect information about the user&#039;s personal preferences and choices (<em>retargeting<\/em>) to allow managing, in the most efficient way possible, the advertising spaces that, where applicable, the publisher has included on a web page, application or platform from which the requested service is provided.<\/li>\n\n\n\n<li><strong><em>Cookies <\/em><\/strong><strong>social<\/strong>: are those that have been installed by social media platforms on the Services to allow you to share content with your friends and networks. Social media platforms have the ability to track your online activity outside of the Services. This may affect the content and messages you see on other services you visit.<\/li>\n\n\n\n<li><strong><em>Cookies <\/em><\/strong><strong>of affiliates<\/strong>: they allow you to track visits from other websites, with which the website establishes an affiliation contract (affiliation companies).<\/li>\n\n\n\n<li><strong><em>Cookies <\/em><\/strong><strong>security<\/strong>: they store encrypted information to prevent the data stored there from being vulnerable to malicious attacks from third parties.<\/li>\n<\/ul>\n\n\n\n<p><strong>ACCORDING TO THE PROPERTY<\/strong><\/p>\n\n\n\n<ul class=\"wp-block-list\">\n<li><strong><em>Cookies<\/em><\/strong><strong> own<\/strong>: are those that are sent to the user&#039;s terminal equipment from a computer or domain managed by the publisher itself and from which the service requested by the user is provided.<\/li>\n\n\n\n<li><strong><em>Cookies<\/em><\/strong> <strong>from third parties:<\/strong> are those that are sent to the user&#039;s terminal equipment from a computer or domain that is not managed by the publisher, but by another entity that processes the data obtained through cookies.<\/li>\n<\/ul>\n\n\n\n<p><strong>ACCORDING TO THE STORAGE PERIOD<\/strong><\/p>\n\n\n\n<ul class=\"wp-block-list\">\n<li><strong><em>Cookies<\/em><\/strong><strong> session:<\/strong> they are a type of <em>cookies<\/em> designed to obtain and store data while the user accesses a web page.<\/li>\n\n\n\n<li><strong><em>Cookies<\/em><\/strong><strong> persistent:<\/strong> are a type of cookies in which the data remains stored in the terminal and can be accessed and processed for a period defined by the person responsible for the <em>cookie<\/em>, and which can last from a few minutes to several years.<\/li>\n<\/ul>\n\n\n\n<p><strong>PROCESSING OF PERSONAL DATA<\/strong><\/p>\n\n\n\n<p>ALUMINIUM AND GLASS CERVERA SL is the <strong>Responsible for the processing<\/strong> of the personal data of the\u2019<strong>Interested<\/strong> and informs you that this data will be processed in accordance with the provisions of Regulation (EU) 2016\/679, of April 27, 2016 (GDPR), for which reason the following information on the processing is provided:<\/p>\n\n\n\n<p><strong>Purposes of the treatment: <\/strong>as specified in the section of <em>cookies <\/em>that are used on this website.<\/p>\n\n\n\n<p><strong>Legitimization of the treatment<\/strong>: except in cases where it is necessary for browsing the website, with the consent of the interested party (art. 6.1.a GDPR).<\/p>\n\n\n\n<p><strong>Data retention criteria<\/strong>: as specified in the section of <em>cookies <\/em>used on the web.<\/p>\n\n\n\n<p><strong>Data communication<\/strong>: the data will not be communicated to third parties, except in cookies owned by third parties or by legal obligation.<\/p>\n\n\n\n<p><strong>Rights of the Interested Party<\/strong>:<\/p>\n\n\n\n<p>\u2013 Right to withdraw consent at any time.<\/p>\n\n\n\n<p>Right of access, rectification, portability and deletion of your data and limitation or opposition to its processing.<\/p>\n\n\n\n<p>\u2013 Right to file a complaint with the Control Authority (www.aepd.es) if you consider that the processing does not comply with current regulations.<\/p>\n\n\n\n<p><strong>Contact details to exercise your rights:<\/strong><\/p>\n\n\n\n<p>ALUMINIUM AND GLASS CERVERA SL. Anselm Clav\u00e9, 59 \u2013 08731 Sant Mart\u00ed Sarroca (Barcelona). E-mail: info@cerveraalumini.com<\/p>\n\n\n\n<p><strong>COOKIES USED ON THIS WEBSITE<\/strong><\/p>\n\n\n\n<h4 class=\"wp-block-heading\"><strong>COOKIES CONTROLLED BY THE PUBLISHER<\/strong><\/h4>\n\n\n\n<h4 class=\"wp-block-heading\"><strong>Technical and functional<\/strong><\/h4>\n\n\n\n<figure class=\"wp-block-table\"><table class=\"has-fixed-layout\"><thead><tr><th>Property<\/th><th>Cookies<\/th><th>Purpose<\/th><th>Place<\/th><\/tr><\/thead><tbody><tr><td>cerveraaluminividre.com<\/td><td><strong>_ga_HYKEBDS2ZK<\/strong><\/td><td>Cookie necessary for the use of the options and services of the website<\/td><td>in a year<\/td><\/tr><tr><td>cerveraaluminividre.com<\/td><td><strong>cmplz_banner-status<\/strong><\/td><td>Cookie necessary for the use of the options and services of the website<\/td><td>in a year<\/td><\/tr><tr><td>cerveraaluminividre.com<\/td><td><strong>cmplz_consented_services<\/strong><\/td><td>Cookie necessary for the use of the options and services of the website<\/td><td>in a year<\/td><\/tr><tr><td>cerveraaluminividre.com<\/td><td><strong>cmplz_functional<\/strong><\/td><td>Cookie necessary for the use of the options and services of the website<\/td><td>in a year<\/td><\/tr><tr><td>cerveraaluminividre.com<\/td><td><strong>cmplz_marketing<\/strong><\/td><td>Cookie necessary for the use of the options and services of the website<\/td><td>in a year<\/td><\/tr><tr><td>cerveraaluminividre.com<\/td><td><strong>cmplz_policy_id<\/strong><\/td><td>Cookie necessary for the use of the options and services of the website<\/td><td>in a year<\/td><\/tr><tr><td>cerveraaluminividre.com<\/td><td><strong>cmplz_preferences<\/strong><\/td><td>Cookie necessary for the use of the options and services of the website<\/td><td>in a year<\/td><\/tr><tr><td>cerveraaluminividre.com<\/td><td><strong>cmplz_statistics<\/strong><\/td><td>Cookie necessary for the use of the options and services of the website<\/td><td>in a year<\/td><\/tr><tr><td>google.com<\/td><td><strong>AEC<\/strong><\/td><td>Cookie necessary for the use of the options and services of the website<\/td><td>in 6 months<\/td><\/tr><tr><td>google.com<\/td><td><strong>SOCS<\/strong><\/td><td>Cookie necessary for the use of the options and services of the website<\/td><td>in 6 months<\/td><\/tr><tr><td>region1.google-analytics.com<\/td><td><strong>ar_debug<\/strong><\/td><td>Cookie necessary for the use of the options and services of the website<\/td><td>in a month<\/td><\/tr><\/tbody><\/table><\/figure>\n\n\n\n<h4 class=\"wp-block-heading\"><strong>Analytics<\/strong><\/h4>\n\n\n\n<figure class=\"wp-block-table\"><table class=\"has-fixed-layout\"><thead><tr><th>Property<\/th><th>Cookies<\/th><th>Purpose<\/th><th>Place<\/th><\/tr><\/thead><tbody><tr><td>Google Analytics<\/td><td><strong>_ga<\/strong><\/td><td>ID is used to identify users<\/td><td>in a year<\/td><\/tr><\/tbody><\/table><\/figure>\n\n\n\n<h4 class=\"wp-block-heading\"><strong>Advertising agencies<\/strong><\/h4>\n\n\n\n<figure class=\"wp-block-table\"><table class=\"has-fixed-layout\"><thead><tr><th>Property<\/th><th>Cookies<\/th><th>Purpose<\/th><th>Place<\/th><\/tr><\/thead><tbody><tr><td>Google<\/td><td><strong>NEST<\/strong><\/td><td>These cookies are used to collect website statistics and track conversion rates and Google ad personalization.<\/td><td>in 7 months<\/td><\/tr><\/tbody><\/table><\/figure>\n\n\n\n<h4 class=\"wp-block-heading\"><strong>THIRD-PARTY COOKIES<\/strong><\/h4>\n\n\n\n<p>Third-party services are beyond the control of the publisher. Providers may modify their terms of service, purpose and use of cookies, etc. at any time.<\/p>\n\n\n\n<p><strong>External providers of this website:<\/strong><\/p>\n\n\n\n<figure class=\"wp-block-table\"><table class=\"has-fixed-layout\"><thead><tr><th>Publisher<\/th><th>Privacy policy<\/th><\/tr><\/thead><tbody><tr><td>Google Analytics<\/td><td><a href=\"https:\/\/privacy.google.com\/take-control.html\" target=\"_blank\" rel=\"noopener\">https:\/\/privacy.google.com\/take-control.html<\/a><\/td><\/tr><tr><td>Google<\/td><td><a href=\"https:\/\/privacy.google.com\/take-control.html\" target=\"_blank\" rel=\"noopener\">https:\/\/privacy.google.com\/take-control.html<\/a><\/td><\/tr><\/tbody><\/table><\/figure>\n\n\n\n<figure class=\"wp-block-table\"><table class=\"has-fixed-layout\"><tbody><tr><td><strong>COOKIE CONFIGURATION PANEL<\/strong><\/td><\/tr><\/tbody><\/table><\/figure>\n\n\n\n<p>From this panel you can configure the cookies that the website can install in your browser, except for the technical or functional cookies that are necessary for navigation and the use of the different options or services offered.<\/p>\n\n\n\n<p><a href=\"https:\/\/docs.google.com\/document\/d\/1qyQchUjboynh36MKWvLCBrfX0mpnWk86TiCFJQS4kxc\/edit#bookmark=id.ay8x6oq6odzj\" target=\"_blank\" rel=\"noopener\">Cookie panel<\/a><\/p>\n\n\n\n<figure class=\"wp-block-table\"><table class=\"has-fixed-layout\"><tbody><tr><td><strong>HOW TO MANAGE COOKIES FROM YOUR BROWSER<\/strong><\/td><\/tr><\/tbody><\/table><\/figure>\n\n\n\n<figure class=\"wp-block-table\"><table class=\"has-fixed-layout\"><tbody><tr><td><strong>Delete cookies from your device<\/strong><\/td><td>Cookies already on a device can be removed by clearing your browser history, which deletes cookies from all websites you visit. However, some of the saved information (for example, login details or website preferences) may also be lost.<\/td><\/tr><tr><td><strong>Manage site-specific cookies<\/strong><\/td><td>To have more precise control over site-specific cookies, users can adjust their privacy and cookie settings in their browser.<\/td><\/tr><tr><td><strong>Block cookies<\/strong><\/td><td>Although most modern browsers can be configured to prevent cookies from being installed on devices, this may require you to manually adjust certain preferences each time you visit a site or page. In addition, some services and features may not function properly (for example, profile logins).<\/td><\/tr><\/tbody><\/table><\/figure>\n\n\n\n<figure class=\"wp-block-table\"><table class=\"has-fixed-layout\"><tbody><tr><td><strong>HOW TO DELETE COOKIES FROM THE MOST COMMON BROWSERS<\/strong><\/td><\/tr><\/tbody><\/table><\/figure>\n\n\n\n<figure class=\"wp-block-table\"><table class=\"has-fixed-layout\"><tbody><tr><td><strong>Chrome<\/strong><\/td><td><a href=\"http:\/\/support.google.com\/chrome\/answer\/95647?hl=es\" target=\"_blank\" rel=\"noopener\">http:\/\/support.google.com\/chrome\/answer\/95647?hl=es<\/a><\/td><\/tr><tr><td><strong>Edge<\/strong><\/td><td><a href=\"https:\/\/support.microsoft.com\/es-es\/microsoft-edge\/eliminar-las-cookies-en-microsoft-edge-63947406-40ac-c3b8-57b9-2a946a29ae09\" target=\"_blank\" rel=\"noopener\">https:\/\/support.microsoft.com\/es-es\/microsoft-edge\/eliminar-las-cookies-en-microsoft-edge-63947406-40ac-c3b8-57b9-2a946a29ae09<\/a><\/td><\/tr><tr><td><strong>Explorer<\/strong><\/td><td><a href=\"https:\/\/support.microsoft.com\/es-es\/help\/278835\/how-to-delete-cookie-files-in-internet-explorer\" target=\"_blank\" rel=\"noopener\">https:\/\/support.microsoft.com\/es-es\/help\/278835\/how-to-delete-cookie-files-in-internet-explorer<\/a><\/td><\/tr><tr><td><strong>Firefox<\/strong><\/td><td><a href=\"https:\/\/www.mozilla.org\/es-ES\/privacy\/websites\/#cookies\" target=\"_blank\" rel=\"noopener\">https:\/\/www.mozilla.org\/es-ES\/privacy\/websites\/#cookies<\/a><\/td><\/tr><tr><td><strong>Safari<\/strong><\/td><td><a href=\"https:\/\/support.apple.com\/es-es\/guide\/safari\/sfri11471\/mac\" target=\"_blank\" rel=\"noopener\">https:\/\/support.apple.com\/es-es\/guide\/safari\/sfri11471\/mac<\/a><\/td><\/tr><tr><td><strong>Opera<\/strong><\/td><td><a href=\"https:\/\/help.opera.com\/en\/latest\/security-and-privacy\/#clearBrowsingData\" target=\"_blank\" rel=\"noopener\">https:\/\/help.opera.com\/en\/latest\/security-and-privacy\/#clearBrowsingData<\/a><\/td><\/tr><\/tbody><\/table><\/figure>","protected":false},"excerpt":{"rendered":"<p>INFORMACI\u00d3 SOBRE COOKIES D\u2019acord amb la Llei 34\/2002, de 11 de juliol, de serveis de la societat de la informaci\u00f3 i de comer\u00e7 electr\u00f2nic (LSSI), en relaci\u00f3 amb el Reglament (UE) 2016\/679 de el Parlament Europeu i de Consell, de 27 de abril de 2016, General de Protecci\u00f3 de Dades (GDPR) i la Llei Org\u00e0nica [&hellip;]<\/p>\n","protected":false},"author":1,"featured_media":0,"parent":0,"menu_order":0,"comment_status":"closed","ping_status":"closed","template":"","meta":{"site-sidebar-layout":"default","site-content-layout":"","ast-site-content-layout":"default","site-content-style":"default","site-sidebar-style":"default","ast-global-header-display":"","ast-banner-title-visibility":"","ast-main-header-display":"","ast-hfb-above-header-display":"","ast-hfb-below-header-display":"","ast-hfb-mobile-header-display":"","site-post-title":"","ast-breadcrumbs-content":"","ast-featured-img":"","footer-sml-layout":"","ast-disable-related-posts":"","theme-transparent-header-meta":"","adv-header-id-meta":"","stick-header-meta":"","header-above-stick-meta":"","header-main-stick-meta":"","header-below-stick-meta":"","astra-migrate-meta-layouts":"set","ast-page-background-enabled":"default","ast-page-background-meta":{"desktop":{"background-color":"","background-image":"","background-repeat":"repeat","background-position":"center center","background-size":"auto","background-attachment":"scroll","background-type":"","background-media":"","overlay-type":"","overlay-color":"","overlay-opacity":"","overlay-gradient":""},"tablet":{"background-color":"","background-image":"","background-repeat":"repeat","background-position":"center center","background-size":"auto","background-attachment":"scroll","background-type":"","background-media":"","overlay-type":"","overlay-color":"","overlay-opacity":"","overlay-gradient":""},"mobile":{"background-color":"","background-image":"","background-repeat":"repeat","background-position":"center center","background-size":"auto","background-attachment":"scroll","background-type":"","background-media":"","overlay-type":"","overlay-color":"","overlay-opacity":"","overlay-gradient":""}},"ast-content-background-meta":{"desktop":{"background-color":"var(--ast-global-color-5)","background-image":"","background-repeat":"repeat","background-position":"center center","background-size":"auto","background-attachment":"scroll","background-type":"","background-media":"","overlay-type":"","overlay-color":"","overlay-opacity":"","overlay-gradient":""},"tablet":{"background-color":"var(--ast-global-color-5)","background-image":"","background-repeat":"repeat","background-position":"center center","background-size":"auto","background-attachment":"scroll","background-type":"","background-media":"","overlay-type":"","overlay-color":"","overlay-opacity":"","overlay-gradient":""},"mobile":{"background-color":"var(--ast-global-color-5)","background-image":"","background-repeat":"repeat","background-position":"center center","background-size":"auto","background-attachment":"scroll","background-type":"","background-media":"","overlay-type":"","overlay-color":"","overlay-opacity":"","overlay-gradient":""}},"footnotes":""},"class_list":["post-1277","page","type-page","status-publish","hentry"],"_links":{"self":[{"href":"https:\/\/cerveraaluminividre.com\/en\/wp-json\/wp\/v2\/pages\/1277","targetHints":{"allow":["GET"]}}],"collection":[{"href":"https:\/\/cerveraaluminividre.com\/en\/wp-json\/wp\/v2\/pages"}],"about":[{"href":"https:\/\/cerveraaluminividre.com\/en\/wp-json\/wp\/v2\/types\/page"}],"author":[{"embeddable":true,"href":"https:\/\/cerveraaluminividre.com\/en\/wp-json\/wp\/v2\/users\/1"}],"replies":[{"embeddable":true,"href":"https:\/\/cerveraaluminividre.com\/en\/wp-json\/wp\/v2\/comments?post=1277"}],"version-history":[{"count":2,"href":"https:\/\/cerveraaluminividre.com\/en\/wp-json\/wp\/v2\/pages\/1277\/revisions"}],"predecessor-version":[{"id":2292,"href":"https:\/\/cerveraaluminividre.com\/en\/wp-json\/wp\/v2\/pages\/1277\/revisions\/2292"}],"wp:attachment":[{"href":"https:\/\/cerveraaluminividre.com\/en\/wp-json\/wp\/v2\/media?parent=1277"}],"curies":[{"name":"wp","href":"https:\/\/api.w.org\/{rel}","templated":true}]}}